{"id":2,"date":"2010-03-06T13:58:45","date_gmt":"2010-03-06T12:58:45","guid":{"rendered":"http:\/\/www.siedler-wt.de\/w\/?page_id=2"},"modified":"2011-01-06T17:47:11","modified_gmt":"2011-01-06T16:47:11","slug":"siedler-chronik","status":"publish","type":"page","link":"https:\/\/siedler-wt.de\/w\/siedler-chronik\/","title":{"rendered":"Siedler"},"content":{"rendered":"<h3 style=\"text-align: center;\">Historische Entwicklung der Siedlergemeinschaft<\/h3>\n<p style=\"text-align: center;\">\u00b7 \u00b7 \u00b7<\/p>\n<p style=\"padding-left: 30px; text-align: justify;\">Gegr\u00fcndet wurde die Siedlergemeinschaft von Anwohnern des Waldshuter Stadtteils Schmittenau im Jahre 1936. Gr\u00fcndungsmitglieder waren Joachim Schumacher und Wilhelm Blase mit 10 Gleichgesinnten.<\/p>\n<h1 style=\"text-align: center;\">1936<\/h1>\n<p style=\"padding-left: 30px; text-align: justify;\">Zur Erinnerung: In diesem Jahr begann der Spanische B\u00fcrgerkrieg, in Deutschland baute Hitler seine Macht, die er in verheerendem Ausma\u00df missbrauchte, aus. Die Weichen f\u00fcr den 2. Weltkrieg wurden gestellt&#8230;.<\/p>\n<p style=\"padding-left: 30px; text-align: justify;\">Es war keine einfache Zeit f\u00fcr die Menschen in Deutschland, und damit nat\u00fcrlich auch f\u00fcr die Bewohner der Stadt am Hochrhein. Deshalb fanden sich &#8211; wie vielerorts &#8211; die Anwohner der Schmittenau zusammen, um die harten Tage, die oftmals gepr\u00e4gt waren mit einer Wochenarbeitszeit von mehr als 60 Stunden, durch gemeinsame Treffen mit gegenseitigem Gedankenaustausch zu \u00fcberstehen. Die meisten Anwohner besa\u00dfen zum damaligen Zeitpunkt einige wenige Tiere, wie Ziegen, Schweine, H\u00fchner, sowie ein kleines St\u00fcck Garten, das sie mit Feldfr\u00fcchten bepflanzten, um sich selbst\u00e4ndig \u2013 oftmals mehr schlecht als recht &#8211; mit dem Notwendigsten ern\u00e4hren zu k\u00f6nnen. Deshalb war es ein Hauptanliegen der Siedlergemeinschaft, das einzelne Siedlermitglied als Selbstversorger im Gem\u00fcse- und Obstanbau zu unterst\u00fctzen.<\/p>\n<p style=\"padding-left: 30px; text-align: justify;\">Die Siedlergemeinschaft hatte zum damaligen Zeitpunkt in erster Linie das Ziel, durch Gro\u00dfeink\u00e4ufe Saatgut, Pflanzen und Setzlinge anzuschaffen, die jedes Vereinsmitglied f\u00fcr die Feldarbeit auf seinem Grundst\u00fcck ben\u00f6tigte. Dies war ein gro\u00dfer finanzieller Vorteil f\u00fcr jeden. Zum anderen wurde aber auch das Gemeinschaftsgef\u00fchl gest\u00e4rkt. Man war nicht allein, man tauschte gegenseitige Tips und Ratschl\u00e4ge aus. Erste einfache und kosteng\u00fcnstige Ger\u00e4te und Maschinen wurden in den 50-er Jahren angeschafft, die jedes Siedlermitglied gegen einen geringen Unkostenbeitrag leihen konnte.<\/p>\n<p style=\"padding-left: 30px; text-align: justify;\">Ein weiteres Ziel war, den Eigenheimbau zu f\u00f6rdern und hierbei den Gemeinschafts-mitgliedern mit Rat und Tat zur Seite zu stehen. Bereits im Gr\u00fcnderjahr 1936 wurden zehn Siedlerh\u00e4user erbaut. Im Laufe der Jahre kam ein um das andere Siedlerhaus hinzu und der Kreis der Siedlermitglieder dehnte sich auf die Schmittenau, die Bleiche, den Aarbergweg, die Eisenbahnersiedlung, das Schmitzingertal und auf die Bergstadt aus. Auch heute noch werden im Vereinsheim der Siedlergemeinschaft Waldshut regelm\u00e4\u00dfig Vortr\u00e4ge \u00fcber Pflanzenarbeit, Sch\u00e4dlingsbek\u00e4mpfung, Baumschneiden, etc. gehalten.<\/p>\n<p style=\"padding-left: 30px; text-align: justify;\">Die Siedlergemeinschaft Waldshut war stets gepr\u00e4gt durch ein au\u00dferordentliches Zusammengeh\u00f6rigkeitsgef\u00fchl, das sich auch in\u00a0 regelm\u00e4\u00dfigen Festaktivit\u00e4ten widerspiegelt.<\/p>\n<h1 style=\"text-align: center;\">1974<\/h1>\n<p style=\"padding-left: 30px; text-align: justify;\">Im Jahre 1974 entstand durch die Mithilfe vieler, flei\u00dfiger Siedler der Kinderspielplatz in der Schmittenau.<\/p>\n<h1 style=\"text-align: center;\">1982<\/h1>\n<p style=\"padding-left: 30px; text-align: justify;\">Ein wichtiges Ereignis f\u00fcr die Siedlermitglieder war der Bau des Vereinsheimes im Jahr 1982, was \u00fcberwiegend in Eigenarbeit geschaffen wurde. In unz\u00e4hligen Arbeitsstunden haben sich freiwillige Helfer Tag f\u00fcr Tag zusammengefunden, um ein stolzes und schmuckes \u201eSiedlerheim\u201c f\u00fcr ihre Zwecke zu errichten.<\/p>\n<h1 style=\"text-align: center;\">2000<\/h1>\n<p style=\"padding-left: 30px; text-align: justify;\">Die Siedlergemeinschaft Waldshut umfasst derzeit 153 aktive Mitglieder, was angesichts der zahlreichen Vereine im Raum Waldshut eine stattliche Anzahl bedeutet.<\/p>\n<h1 style=\"text-align: center;\"><a href=\"http:\/\/www.siedler-wt.de\/w\/wp-content\/uploads\/2010\/03\/SiedlerChronik.png\" rel=\"heute\"><img loading=\"lazy\" decoding=\"async\" class=\"size-medium wp-image-534 aligncenter\" title=\"SiedlerChronik\" src=\"http:\/\/www.siedler-wt.de\/w\/wp-content\/uploads\/2010\/03\/SiedlerChronik-300x100.png\" alt=\"\" width=\"300\" height=\"100\" srcset=\"https:\/\/siedler-wt.de\/w\/wp-content\/uploads\/2010\/03\/SiedlerChronik-300x100.png 300w, https:\/\/siedler-wt.de\/w\/wp-content\/uploads\/2010\/03\/SiedlerChronik-600x200.png 600w, https:\/\/siedler-wt.de\/w\/wp-content\/uploads\/2010\/03\/SiedlerChronik-768x256.png 768w, https:\/\/siedler-wt.de\/w\/wp-content\/uploads\/2010\/03\/SiedlerChronik.png 900w\" sizes=\"auto, (max-width: 300px) 100vw, 300px\" \/><\/a><\/h1>\n<h1 style=\"text-align: center;\">HEUTE<\/h1>\n<p style=\"padding-left: 30px; text-align: justify;\">J\u00e4hrlich finden ein Bunter Fastnachtsabend, eine Kinderfastnacht, eine 1. Mai-Wanderung, ein Siedlerfest, ein Herbstausflug, eine Nikolausfeier sowie eine Weihnachtsfeier statt. \u00a0Hinzukommen weitere unz\u00e4hlige Anl\u00e4sse, wie Vortr\u00e4ge, Dia-Abende, Bunte Abende, Seniorennachmittage etc.<\/p>\n<p style=\"padding-left: 30px; text-align: justify;\">Die Siedlergemeinschaft ist stolz darauf, mit vielen Aktivit\u00e4ten zum Wohlergehen der Stadt Waldshut beigetragen zu haben. So wurde der Bau des Kindergartens in der Schmittenau initiiert. Mit den Erl\u00f6sen aus zwei Siedlerfesten wurde mit dazu beigetragen, die Inneneinrichtung f\u00fcr den Kindergarten anzuschaffen. Besonders stolz ist die Siedlergemeinschaft auf ihr besonderes Zusammengeh\u00f6rigkeitsgef\u00fchl und die gemeinschaftliche Arbeit, die sich im Lauf der Jahrzehnte nicht ver\u00e4ndert hat. Neue Mitglieder werden immer gerne gesehen und stets herzlich in die Gemeinschaft aufgenommen. Alle Unternehmungen und Aktivit\u00e4ten tragen zum geselligen Beisammensein \u2013 nicht nur der Siedler untereinander \u2013 sondern auch der B\u00fcrger Waldshuts bei.<\/p>\n","protected":false},"excerpt":{"rendered":"<p>Historische Entwicklung der Siedlergemeinschaft \u00b7 \u00b7 \u00b7 Gegr\u00fcndet wurde die Siedlergemeinschaft von Anwohnern des Waldshuter Stadtteils Schmittenau im Jahre 1936. Gr\u00fcndungsmitglieder waren Joachim Schumacher und Wilhelm Blase mit 10 Gleichgesinnten. 1936 Zur Erinnerung: In diesem Jahr begann der Spanische B\u00fcrgerkrieg, in Deutschland baute Hitler seine Macht, die er in verheerendem Ausma\u00df missbrauchte, aus. Die Weichen [&hellip;]<\/p>\n","protected":false},"author":1,"featured_media":534,"parent":0,"menu_order":3,"comment_status":"open","ping_status":"closed","template":"","meta":{"_genesis_hide_title":false,"_genesis_hide_breadcrumbs":false,"_genesis_hide_singular_image":false,"_genesis_hide_footer_widgets":false,"_genesis_custom_body_class":"","_genesis_custom_post_class":"","_genesis_layout":"","footnotes":""},"class_list":{"0":"post-2","1":"page","2":"type-page","3":"status-publish","4":"has-post-thumbnail","6":"entry"},"_links":{"self":[{"href":"https:\/\/siedler-wt.de\/w\/wp-json\/wp\/v2\/pages\/2","targetHints":{"allow":["GET"]}}],"collection":[{"href":"https:\/\/siedler-wt.de\/w\/wp-json\/wp\/v2\/pages"}],"about":[{"href":"https:\/\/siedler-wt.de\/w\/wp-json\/wp\/v2\/types\/page"}],"author":[{"embeddable":true,"href":"https:\/\/siedler-wt.de\/w\/wp-json\/wp\/v2\/users\/1"}],"replies":[{"embeddable":true,"href":"https:\/\/siedler-wt.de\/w\/wp-json\/wp\/v2\/comments?post=2"}],"version-history":[{"count":34,"href":"https:\/\/siedler-wt.de\/w\/wp-json\/wp\/v2\/pages\/2\/revisions"}],"predecessor-version":[{"id":575,"href":"https:\/\/siedler-wt.de\/w\/wp-json\/wp\/v2\/pages\/2\/revisions\/575"}],"wp:featuredmedia":[{"embeddable":true,"href":"https:\/\/siedler-wt.de\/w\/wp-json\/wp\/v2\/media\/534"}],"wp:attachment":[{"href":"https:\/\/siedler-wt.de\/w\/wp-json\/wp\/v2\/media?parent=2"}],"curies":[{"name":"wp","href":"https:\/\/api.w.org\/{rel}","templated":true}]}}